{"id":16,"date":"2020-03-27T03:09:39","date_gmt":"2020-03-27T03:09:39","guid":{"rendered":"https:\/\/www.loftocean.com\/demo-data\/tinysalt\/?page_id=16"},"modified":"2020-03-27T03:09:39","modified_gmt":"2020-03-27T03:09:39","slug":"newsletter","status":"publish","type":"page","link":"https:\/\/www.andrasfoodlab.com\/ro\/newsletter\/","title":{"rendered":"Newsletter"},"content":{"rendered":"<div class=\"wp-block-cover alignfull has-background-dim-30 has-background-dim\" style=\"background-image:url(https:\/\/tinysalt.loftocean.com\/wp-content\/uploads\/2020\/03\/k-i-l-i-a-n-eCqALRXqCRU-unsplash.jpg);min-height:600px\"><div class=\"wp-block-cover__inner-container is-layout-flow wp-block-cover-is-layout-flow\">\n<h2 class=\"has-text-align-center wp-block-heading\">Aboneaz\u0103-te la newsletter-ul nostru.<\/h2>\n\n\n<script>(function() {\n\twindow.mc4wp = window.mc4wp || {\n\t\tlisteners: [],\n\t\tforms: {\n\t\t\ton: function(evt, cb) {\n\t\t\t\twindow.mc4wp.listeners.push(\n\t\t\t\t\t{\n\t\t\t\t\t\tevent   : evt,\n\t\t\t\t\t\tcallback: cb\n\t\t\t\t\t}\n\t\t\t\t);\n\t\t\t}\n\t\t}\n\t}\n})();\n<\/script><!-- Mailchimp for WordPress v4.9.10 - https:\/\/wordpress.org\/plugins\/mailchimp-for-wp\/ --><form id=\"mc4wp-form-1\" class=\"mc4wp-form mc4wp-form-26\" method=\"post\" data-id=\"26\" data-name=\"Never Miss a Recipe!\" action=\"\" ><div class=\"mc4wp-form-fields\"><p>\r\n  Abona\u021bi-v\u0103 \u0219i primi\u021bi cele mai bune re\u021bete \u00een fiecare s\u0103pt\u0103m\u00e2n\u0103!\r\n<\/p>\r\n<div class=\"fields-container\">\r\n  <input type=\"email\" name=\"EMAIL\" placeholder=\"Your Email Address\" required=\"\">\r\n  <input type=\"submit\" value=\"Subscribe\">\r\n<\/div>\r\n<p>\r\n    <label>\r\n        <input name=\"AGREE_TO_TERMS\" type=\"checkbox\" value=\"1\" required=\"\"> <a href=\"https:\/\/www.andrasfoodlab.com\/ro\/privacy-policy\/\" target=\"_blank\" rel=\"noopener noreferrer\">Am citit \u0219i sunt de acord cu termenii \u0219i condi\u021biile<\/a>\r\n    <\/label>\r\n<\/p><\/div><label style=\"display: none !important;\">Leave this field empty if you're human: <input type=\"text\" name=\"_mc4wp_honeypot\" value=\"\" tabindex=\"-1\" autocomplete=\"off\" \/><\/label><input type=\"hidden\" name=\"_mc4wp_timestamp\" value=\"1776685374\" \/><input type=\"hidden\" name=\"_mc4wp_form_id\" value=\"26\" \/><input type=\"hidden\" name=\"_mc4wp_form_element_id\" value=\"mc4wp-form-1\" \/><div class=\"mc4wp-response\"><\/div><input type=\"hidden\" name=\"trp-form-language\" value=\"ro\"\/><\/form><!-- \/ Mailchimp for WordPress Plugin -->\n<\/div><\/div>","protected":false},"excerpt":{"rendered":"","protected":false},"author":1,"featured_media":0,"parent":0,"menu_order":0,"comment_status":"closed","ping_status":"closed","template":"template-3-no-sidebar.php","meta":{"wprm-recipe-roundup-name":"","wprm-recipe-roundup-description":"","loftocean_post_format_gallery":"","loftocean_post_format_gallery_ids":"","loftocean_post_format_gallery_urls":"","loftocean_post_format_video_id":0,"loftocean_post_format_video_url":"","loftocean_post_format_video_type":"","loftocean_post_format_video":"","loftocean_post_format_audio_type":"","loftocean_post_format_audio_url":"","loftocean_post_format_audio_id":0,"loftocean_post_format_audio":"","loftocean-featured-post":"","loftocean-like-count":0,"loftocean-view-count":0,"tinysalt_single_post_intro_label":"","tinysalt_single_post_intro_description":"","tinysalt_hide_before_page_content_ad":"","tinysalt_hide_after_page_content_ad":"","tinysalt_hide_page_header":"on","tinysalt_advanced_classname":"no-padding-bottom hide-footer-logo hide-footer-signup","footnotes":""},"aioseo_notices":[],"_links":{"self":[{"href":"https:\/\/www.andrasfoodlab.com\/ro\/wp-json\/wp\/v2\/pages\/16"}],"collection":[{"href":"https:\/\/www.andrasfoodlab.com\/ro\/wp-json\/wp\/v2\/pages"}],"about":[{"href":"https:\/\/www.andrasfoodlab.com\/ro\/wp-json\/wp\/v2\/types\/page"}],"author":[{"embeddable":true,"href":"https:\/\/www.andrasfoodlab.com\/ro\/wp-json\/wp\/v2\/users\/1"}],"replies":[{"embeddable":true,"href":"https:\/\/www.andrasfoodlab.com\/ro\/wp-json\/wp\/v2\/comments?post=16"}],"version-history":[{"count":0,"href":"https:\/\/www.andrasfoodlab.com\/ro\/wp-json\/wp\/v2\/pages\/16\/revisions"}],"wp:attachment":[{"href":"https:\/\/www.andrasfoodlab.com\/ro\/wp-json\/wp\/v2\/media?parent=16"}],"curies":[{"name":"wp","href":"https:\/\/api.w.org\/{rel}","templated":true}]}}